{"id":156,"date":"2018-09-11T16:05:52","date_gmt":"2018-09-11T19:05:52","guid":{"rendered":"http:\/\/consciencia.com.ar\/?page_id=156"},"modified":"2026-02-12T13:04:29","modified_gmt":"2026-02-12T16:04:29","slug":"staff","status":"publish","type":"page","link":"https:\/\/consciencia.com.ar\/?page_id=156","title":{"rendered":"Staff"},"content":{"rendered":"<div class=\"wp-block-image\">\n<figure class=\"aligncenter size-large\"><a href=\"https:\/\/consciencia.com.ar\/wp-content\/uploads\/2021\/04\/aeapro-1.png\"><img loading=\"lazy\" decoding=\"async\" width=\"487\" height=\"346\" src=\"https:\/\/consciencia.com.ar\/wp-content\/uploads\/2021\/04\/aeapro-1.png\" alt=\"\" class=\"wp-image-417\" srcset=\"https:\/\/consciencia.com.ar\/wp-content\/uploads\/2021\/04\/aeapro-1.png 487w, https:\/\/consciencia.com.ar\/wp-content\/uploads\/2021\/04\/aeapro-1-300x213.png 300w\" sizes=\"auto, (max-width: 487px) 100vw, 487px\" \/><\/a><\/figure>\n<\/div>\n\n\n<p class=\"has-text-align-center\"><\/p>\n\n\n\n<p class=\"has-text-align-center\"><span style=\"color: #000000;\"><strong><span style=\"font-size: 22pt; font-family: georgia,palatino,serif;\">Cristian Hern\u00e1n Perell\u00f3<\/span><\/strong><\/span><\/p>\n\n\n\n<p style=\"text-align: justify; font-size: 13.5pt; font-family: georgia,palatino,serif; color: #222222; margin: 0 0 14px 0; line-height: 1.6;\">\n  Director y Consultor en Consciencia. Su recorrido integra formaci\u00f3n en consultor\u00eda psicol\u00f3gica (counseling), neurociencias en clave aplicada y pr\u00e1cticas contemplativas en marco secular, con \u00e9nfasis en encuadre profesional, pensamiento cr\u00edtico y mejora continua.\n<\/p>\n\n<p style=\"text-align: justify; font-size: 13.5pt; font-family: georgia,palatino,serif; color: #222222; margin: 0 0 26px 0; line-height: 1.6;\">\n  El trabajo se orienta a acompa\u00f1amiento y entrenamiento de recursos para la vida cotidiana, respetando l\u00edmites de incumbencia y promoviendo derivaci\u00f3n responsable cuando corresponde.\n<\/p>\n\n\n\n\n<p><\/p>\n\n\n<p><!-- \/wp:post-content --><\/p>\n<p><!-- wp:paragraph --><\/p>\n<p><!-- \/wp:paragraph --><\/p>\n<p><!-- wp:paragraph --><\/p>\n<h1 style=\"text-align: center;\"><span style=\"color: #000000;\"><strong><span style=\"font-size: 18pt; font-family: georgia,palatino,serif;\">Formaci\u00f3n Acad\u00e9mica:<\/span><\/strong><\/span><\/h1>\n<p><!-- \/wp:paragraph --><\/p>\n<p><!-- wp:paragraph {\"align\":\"center\",\"fontSize\":\"large\"} --><\/p>\n<p><!-- \/wp:paragraph --><\/p>\n<p><!-- wp:paragraph {\"align\":\"center\"} --><\/p>\n<p class=\"has-text-align-center\" style=\"text-align: center;\"><span style=\"font-size: 14pt; font-family: georgia,palatino,serif; color: #000000;\">Licenciado en Seguridad P\u00fablica (USAL &#8211; Universidad del Salvador)<\/span><\/p>\n<p class=\"has-text-align-center\" style=\"text-align: center;\"><span style=\"font-size: 14pt; font-family: georgia,palatino,serif; color: #000000;\">T\u00e9cnico Superior en Consultor\u00eda Psicol\u00f3gica &#8211; Counseling (UAI \u2013 Universidad Abierta Interamericana y UEGP &#8211; Unidad Educativa de Gesti\u00f3n Privada N\u00ba 208 )<\/span><\/p>\n<p style=\"text-align: center;\"><!-- \/wp:paragraph --><\/p>\n<p style=\"text-align: center;\"><!-- wp:paragraph {\"align\":\"center\"} --><\/p>\n<p class=\"has-text-align-center\" style=\"text-align: center;\"><span style=\"font-size: 14pt; font-family: georgia,palatino,serif; color: #000000;\">Diplomado Internacional en Psicolog\u00eda Budista (ITZI &#8211; Instituto Terapia Zen Internacional, Reino Unido)<\/span><\/p>\n<p style=\"text-align: center;\"><!-- \/wp:paragraph --><\/p>\n<p style=\"text-align: center;\"><!-- wp:paragraph {\"align\":\"center\"} --><\/p>\n<p class=\"has-text-align-center\" style=\"text-align: center;\"><span style=\"font-size: 14pt; font-family: georgia,palatino,serif; color: #000000;\">Profesor Universitario (UCEL &#8211; Universidad del Centro Educativo Latinoamericano)<\/span><\/p>\n<p style=\"text-align: center;\"><!-- \/wp:paragraph --><\/p>\n<p style=\"text-align: center;\"><!-- wp:paragraph {\"align\":\"center\"} --><\/p>\n<p class=\"has-text-align-center\" style=\"text-align: center;\"><span style=\"font-size: 14pt; font-family: georgia,palatino,serif; color: #000000;\">Analista Universitario de Sistemas (UTN &#8211; Universidad Tecnol\u00f3gica Nacional)<\/span><\/p>\n<p class=\"has-text-align-center\" style=\"text-align: center;\"><span style=\"font-size: 14pt; font-family: georgia,palatino,serif; color: #000000;\">Posgrado Especialista en Inform\u00e1tica Forense (<span style=\"font-size: 14pt; font-family: georgia,palatino,serif; color: #000000;\">Universidad Fasta)<\/span><\/span><\/p>\n<p style=\"text-align: center;\"><!-- \/wp:paragraph --><\/p>\n<p style=\"text-align: center;\"><!-- wp:paragraph {\"align\":\"center\"} --><\/p>\n<p class=\"has-text-align-center\" style=\"text-align: center;\"><span style=\"font-size: 14pt; font-family: georgia,palatino,serif; color: #000000;\">Operador Socioterap\u00e9utico en Adicciones y Violencias (UNLU &#8211; Universidad Nacional de Luj\u00e1n)<\/span><\/p>\n<p style=\"text-align: center;\"><!-- wp:paragraph {\"align\":\"center\"} --><\/p>\n<p class=\"has-text-align-center\" style=\"text-align: center;\"><span style=\"font-size: 14pt; font-family: georgia,palatino,serif; color: #000000;\">Post\u00edtulo de Supervisor Profesional en el Enfoque Integrativo Centrado en la Persona en (INCO &#8211; Instituto Nacional de Counseling) <\/span><\/p>\n<p class=\"has-text-align-center\" style=\"text-align: center;\"><span style=\"font-size: 14pt; font-family: georgia,palatino,serif; color: #000000;\">Diplomado Universitario en Neurosicoeducaci\u00f3n (UBA &#8211; Universidad de Buenos Aires)<br \/><\/span><\/p>\n<p style=\"text-align: center;\"><!-- \/wp:paragraph --><\/p>\n<p class=\"has-text-align-center\" style=\"text-align: center;\"><span style=\"font-size: 14pt; font-family: georgia,palatino,serif; color: #000000;\">Diplomatura Acad\u00e9mica en Salud Mental y Neurociencias (UAI \u2013 Universidad Abierta Interamericana)<\/span><\/p>\n<p class=\"has-text-align-center\" style=\"text-align: center;\"><span style=\"font-size: 14pt; font-family: georgia,palatino,serif; color: #000000;\">Trainer Practitioner en Programaci\u00f3n Neuroling\u00fc\u00edstica (Instituto Dasein, Instituto Braidot Business and Neuroscience y Red Latinoamericana de PNL)<\/span><\/p>\n<p style=\"text-align: center;\"><!-- \/wp:paragraph --><\/p>\n<p style=\"text-align: center;\"><!-- wp:paragraph {\"align\":\"center\"} --><\/p>\n<p class=\"has-text-align-center\" style=\"text-align: center;\"><span style=\"font-size: 14pt; font-family: georgia,palatino,serif; color: #000000;\">Master Coach Ontol\u00f3gico Profesional (AEAPro \u2013 Asociaci\u00f3n Euroamericana de Profesionales en Ciencias Humanas y Sociales Coaching &amp; Counseling con sede en M\u00e1laga, Espa\u00f1a)<\/span><\/p>\n<p class=\"has-text-align-center\" style=\"text-align: center;\"><span style=\"font-size: 14pt; font-family: georgia,palatino,serif; color: #000000;\">Consultor Filos\u00f3fico (El Jard\u00edn Counseling Filos\u00f3fico, C\u00e1mara Argentina para la Formaci\u00f3n Profesional y la Capacitaci\u00f3n Laboral y OIEP, la Organizaci\u00f3n Internacional para la Educaci\u00f3n Permanante)<\/span><\/p>\n<p style=\"text-align: center;\"><!-- \/wp:paragraph --><\/p>\n<p style=\"text-align: center;\"><!-- wp:paragraph {\"align\":\"center\"} --><\/p>\n<p style=\"text-align: center;\"><span style=\"font-size: 14pt; font-family: georgia,palatino,serif; color: #000000;\">Facilitador en Yoga Sensible al Trauma (Fundaci\u00f3n Radika, Espa\u00f1a)<\/span><\/p>\n<p class=\"has-text-align-center\" style=\"text-align: center;\"><span style=\"font-size: 14pt; font-family: georgia,palatino,serif; color: #000000;\">Certificado en Psicoterapia Zen (Asociaci\u00f3n Argentina de Psicoterapia Zen)<\/span><\/p>\n<p style=\"text-align: center;\"><!-- \/wp:paragraph --><\/p>\n<p style=\"text-align: center;\"><!-- wp:paragraph {\"align\":\"center\"} --><\/p>\n<p class=\"has-text-align-center\" style=\"text-align: center;\"><span style=\"font-size: 14pt; font-family: georgia,palatino,serif; color: #000000;\">Certificado en Focusing (Centro Transpersonal de Buenos Aires)<\/span><\/p>\n<p style=\"text-align: center;\"><!-- \/wp:paragraph --><\/p>\n<p style=\"text-align: center;\"><!-- wp:paragraph {\"align\":\"center\"} --><\/p>\n<p class=\"has-text-align-center\" style=\"text-align: center;\"><span style=\"font-size: 14pt; font-family: georgia,palatino,serif; color: #000000;\">Mediador (Ministerio de Justicia y Derechos Humanos de la Provincia de Santa Fe, Fundaci\u00f3n Fray Bartolom\u00e9 de las Casas y Fundaci\u00f3n para Estudios Internacionales)\u00a0<\/span><\/p>\n<p style=\"text-align: center;\"><!-- \/wp:paragraph --><\/p>\n<p style=\"text-align: center;\"><!-- wp:paragraph {\"align\":\"center\"} --><\/p>\n<p class=\"has-text-align-center\" style=\"text-align: center;\"><span style=\"font-size: 14pt; font-family: georgia,palatino,serif; color: #000000;\">Trabajador Humanitario en Conflictos Armados (Asociaci\u00f3n para las Naciones Unidas de la Rep\u00fablica Argentina e IMARA \u2013 Fundaci\u00f3n de Asistencia Humanitaria y Gesti\u00f3n de Riesgo) <\/span><\/p>\n<p style=\"text-align: center;\"><!-- \/wp:paragraph --><\/p>\n<p style=\"text-align: center;\"><!-- wp:paragraph {\"align\":\"center\"} --><\/p>\n<p class=\"has-text-align-center\" style=\"text-align: center;\"><span style=\"font-size: 14pt; font-family: georgia,palatino,serif; color: #000000;\">Certificado en Primeros Auxilios Psicol\u00f3gicos (Universitat Aut\u00f2noma de Barcelona, Espa\u00f1a)<\/span><\/p>\n<p style=\"text-align: center;\"><!-- \/wp:paragraph --><\/p>\n<p style=\"text-align: center;\"><!-- wp:paragraph {\"align\":\"center\"} --><\/p>\n<p class=\"has-text-align-center\" style=\"text-align: center;\"><span style=\"font-size: 14pt; font-family: georgia,palatino,serif; color: #000000;\">Certificado en Psiconeuroinmunoendocrinolog\u00eda (Instituto Peruano de Psiconeuroinmunolog\u00eda y Medicina Mente Cuerpo, Per\u00fa)<\/span><\/p>\n<p style=\"text-align: center;\"><!-- \/wp:paragraph --><\/p>\n<p style=\"text-align: center;\"><!-- wp:paragraph {\"align\":\"center\"} --><\/p>\n<p class=\"has-text-align-center\" style=\"text-align: center;\"><span style=\"font-size: 14pt; font-family: georgia,palatino,serif; color: #000000;\">Certificado en Terapias Contextuales y de Tercera Generaci\u00f3n (Asociaci\u00f3n para el Avance de la Ciencia Psicol\u00f3gica)<\/span><\/p>\n<p style=\"text-align: center;\"><!-- \/wp:paragraph --><\/p>\n<p style=\"text-align: center;\"><!-- wp:paragraph {\"align\":\"center\"} --><\/p>\n<p class=\"has-text-align-center\" style=\"text-align: center;\"><span style=\"font-size: 14pt; font-family: georgia,palatino,serif; color: #000000;\">Especializaci\u00f3n en Logoterapia (AF Counseling Center Buenos Aires)<\/span><\/p>\n<p style=\"text-align: center;\"><!-- \/wp:paragraph --><\/p>\n<p style=\"text-align: center;\"><!-- wp:paragraph {\"align\":\"center\"} --><\/p>\n<p style=\"text-align: center;\"><!-- \/wp:paragraph --><\/p>\n<p style=\"text-align: center;\"><!-- wp:paragraph {\"align\":\"center\"} --><\/p>\n<p class=\"has-text-align-center\" style=\"text-align: center;\"><span style=\"font-size: 14pt; font-family: georgia,palatino,serif; color: #000000;\">Operador de Primeros Auxilios (Cruz Roja Argentina y Universidad Fasta)<\/span><\/p>\n<p><!-- \/wp:paragraph --><\/p>","protected":false},"excerpt":{"rendered":"<p>Cristian Hern\u00e1n Perell\u00f3 Director y Consultor en Consciencia. Su recorrido integra formaci\u00f3n en consultor\u00eda psicol\u00f3gica (counseling), neurociencias en clave aplicada y pr\u00e1cticas contemplativas en marco secular, con \u00e9nfasis en encuadre profesional, pensamiento cr\u00edtico y mejora continua. El trabajo se orienta a acompa\u00f1amiento y entrenamiento de recursos para la vida cotidiana, respetando l\u00edmites de incumbencia y&hellip;<\/p>\n","protected":false},"author":1,"featured_media":0,"parent":0,"menu_order":0,"comment_status":"closed","ping_status":"closed","template":"","meta":{"footnotes":""},"class_list":["post-156","page","type-page","status-publish","hentry"],"_links":{"self":[{"href":"https:\/\/consciencia.com.ar\/index.php?rest_route=\/wp\/v2\/pages\/156","targetHints":{"allow":["GET"]}}],"collection":[{"href":"https:\/\/consciencia.com.ar\/index.php?rest_route=\/wp\/v2\/pages"}],"about":[{"href":"https:\/\/consciencia.com.ar\/index.php?rest_route=\/wp\/v2\/types\/page"}],"author":[{"embeddable":true,"href":"https:\/\/consciencia.com.ar\/index.php?rest_route=\/wp\/v2\/users\/1"}],"replies":[{"embeddable":true,"href":"https:\/\/consciencia.com.ar\/index.php?rest_route=%2Fwp%2Fv2%2Fcomments&post=156"}],"version-history":[{"count":94,"href":"https:\/\/consciencia.com.ar\/index.php?rest_route=\/wp\/v2\/pages\/156\/revisions"}],"predecessor-version":[{"id":4168,"href":"https:\/\/consciencia.com.ar\/index.php?rest_route=\/wp\/v2\/pages\/156\/revisions\/4168"}],"wp:attachment":[{"href":"https:\/\/consciencia.com.ar\/index.php?rest_route=%2Fwp%2Fv2%2Fmedia&parent=156"}],"curies":[{"name":"wp","href":"https:\/\/api.w.org\/{rel}","templated":true}]}}